{"id":185,"date":"2025-01-02T18:40:37","date_gmt":"2025-01-02T17:40:37","guid":{"rendered":"https:\/\/altmark-baumpflege.de\/?page_id=185"},"modified":"2025-01-02T20:16:29","modified_gmt":"2025-01-02T19:16:29","slug":"impressum","status":"publish","type":"page","link":"https:\/\/altmark-baumpflege.de\/?page_id=185","title":{"rendered":"Impressum"},"content":{"rendered":"<p>[et_pb_section fb_built=&#8220;1&#8243; _builder_version=&#8220;4.23.1&#8243; use_background_color_gradient=&#8220;on&#8220; background_color_gradient_direction=&#8220;45deg&#8220; background_color_gradient_stops=&#8220;rgba(29,38,0,0.85) 0%|rgba(29,38,0,0) 100%&#8220; background_color_gradient_overlays_image=&#8220;on&#8220; background_color_gradient_start=&#8220;rgba(29,38,0,0.85)&#8220; background_color_gradient_end=&#8220;rgba(29,38,0,0)&#8220; background_image=&#8220;https:\/\/altmark-baumpflege.de\/wp-content\/uploads\/2025\/01\/G0010031-scaled-e1701111765362.jpg&#8220; custom_padding=&#8220;6vw|0px|6vw|0px|true|false&#8220; global_colors_info=&#8220;{}&#8220;][et_pb_row _builder_version=&#8220;4.16&#8243; global_colors_info=&#8220;{}&#8220;][et_pb_column type=&#8220;4_4&#8243; _builder_version=&#8220;4.16&#8243; custom_padding=&#8220;|||&#8220; global_colors_info=&#8220;{}&#8220; custom_padding__hover=&#8220;|||&#8220;][et_pb_text _builder_version=&#8220;4.16&#8243; text_font=&#8220;||||||||&#8220; text_font_size=&#8220;18px&#8220; text_line_height=&#8220;2em&#8220; ul_font=&#8220;||||||||&#8220; ol_font=&#8220;||||||||&#8220; header_font=&#8220;Cormorant Garamond|700|||||||&#8220; header_font_size=&#8220;60px&#8220; header_line_height=&#8220;1.2em&#8220; header_2_font=&#8220;||||||||&#8220; header_3_font=&#8220;||||||||&#8220; header_4_font=&#8220;||||||||&#8220; header_5_font=&#8220;||||||||&#8220; header_6_font=&#8220;||||||||&#8220; text_orientation=&#8220;center&#8220; background_layout=&#8220;dark&#8220; max_width=&#8220;600px&#8220; module_alignment=&#8220;center&#8220; custom_margin=&#8220;|||&#8220; text_font_size_tablet=&#8220;&#8220; text_font_size_phone=&#8220;16px&#8220; text_font_size_last_edited=&#8220;on|phone&#8220; header_font_size_tablet=&#8220;50px&#8220; header_font_size_phone=&#8220;40px&#8220; header_font_size_last_edited=&#8220;on|phone&#8220; locked=&#8220;off&#8220; global_colors_info=&#8220;{}&#8220;]<\/p>\n<h1>Impressum<\/h1>\n<p>&nbsp;<\/p>\n<p>[\/et_pb_text][\/et_pb_column][\/et_pb_row][\/et_pb_section][et_pb_section fb_built=&#8220;1&#8243; admin_label=&#8220;About&#8220; _builder_version=&#8220;4.16&#8243; background_image=&#8220;https:\/\/altmark-baumpflege.de\/wp-content\/uploads\/2025\/01\/gardener-03.png&#8220; background_size=&#8220;initial&#8220; background_position=&#8220;top_left&#8220; global_colors_info=&#8220;{}&#8220;][et_pb_row column_structure=&#8220;1_2,1_2&#8243; _builder_version=&#8220;4.16&#8243; custom_padding=&#8220;27px|0px|0|0px|false|false&#8220; locked=&#8220;off&#8220; global_colors_info=&#8220;{}&#8220;][et_pb_column type=&#8220;1_2&#8243; _builder_version=&#8220;4.16&#8243; custom_padding=&#8220;|||&#8220; global_colors_info=&#8220;{}&#8220; custom_padding__hover=&#8220;|||&#8220;][et_pb_text _builder_version=&#8220;4.16&#8243; text_font=&#8220;||||||||&#8220; text_line_height=&#8220;2em&#8220; header_font=&#8220;||||||||&#8220; header_3_font=&#8220;|700||on|||||&#8220; header_3_font_size=&#8220;20px&#8220; header_3_letter_spacing=&#8220;1px&#8220; header_3_line_height=&#8220;1.7em&#8220; text_font_size_tablet=&#8220;&#8220; text_font_size_phone=&#8220;14px&#8220; text_font_size_last_edited=&#8220;on|phone&#8220; locked=&#8220;off&#8220; global_colors_info=&#8220;{}&#8220;]<\/p>\n<div class=\"et_pb_row et_pb_row_0\">\n<div class=\"et_pb_column et_pb_column_4_4 et_pb_column_0  et_pb_css_mix_blend_mode_passthrough et-last-child\">\n<div class=\"et_pb_module et_pb_text et_pb_text_0  et_pb_text_align_left et_pb_bg_layout_light\">\n<div class=\"et_pb_text_inner\">\n<p>Dieser Webauftritt wird bereitgestellt von: Christian Glomm<\/p>\n<p>Verantwortlicher im Sinne des Presserechts: Christian Glomm<\/p>\n<p>Telefon: 0176-39028390<\/p>\n<h3 class=\"western\">Postadresse<\/h3>\n<address>Christian Glomm<\/address>\n<address>Klein Schwechtener Str. 2<\/address>\n<address style=\"margin-bottom: 0.5cm;\">39596 Goldbeck<\/address>\n<h3 class=\"western\">Digitale Kontaktaufnahme<\/h3>\n<ul>\n<li>E-Mail: altmark.baumpflege@posteo.de<\/li>\n<\/ul>\n<h3 class=\"western\">Ladungsf\u00e4hige Anschrift<\/h3>\n<address>Christian Glomm<\/address>\n<address>Klein Schwechtener Str. 2<\/address>\n<address style=\"margin-bottom: 0.5cm;\">39596 Goldbeck<\/address>\n<h3 class=\"western\">Haftung f\u00fcr Inhalte<\/h3>\n<p>Alle bereitgestellten Informationen sind nach bestem Wissen und Gewissen erarbeitet und \u00fcberpr\u00fcft. Es wird keine Gew\u00e4hr f\u00fcr die Aktualit\u00e4t, Richtigkeit, Vollst\u00e4ndigkeit oder Qualit\u00e4t und jederzeitige Verf\u00fcgbarkeit der bereitgestellten Informationen \u00fcbernommen.<\/p>\n<p>F\u00fcr etwaige Sch\u00e4den, die beim Aufrufen oder Herunterladen von Daten durch Computerviren oder der Installation oder Nutzung von Software verursacht werden, wird nicht gehaftet.<\/p>\n<p>Namentlich gekennzeichnete Internetseiten und Kommentare geben Erkenntnis, Meinung und Auffassung der verfassenden Person wieder. Einzelne Webseiten, Kommentare oder das gesamte Angebot k\u00f6nnen ohne gesonderte Ank\u00fcndigung ver\u00e4ndert, erg\u00e4nzt, gel\u00f6scht oder die Ver\u00f6ffentlichung zeitweise oder endg\u00fcltig eingestellt werden.<\/p>\n<div id=\"meta-origin\" data-coolorigin=\"https%3A%2F%2Fcollabora.altmarkit.de%3A443%2Fcool%2Fclipboard%3FWOPISrc%3Dhttps%253A%252F%252Fnextcloud.altmarkit.de%252Findex.php%252Fapps%252Frichdocuments%252Fwopi%252Ffiles%252F120521_oc1hhslwx89f%26ServerId%3D8f44d9bb%26ViewId%3D4%26Tag%3D39434214695aad95\">\n<h3><strong>Datenschutzerkl\u00e4rung<\/strong><\/h3>\n<p><strong>Verantwortliche Stelle f\u00fcr den Datenschutz<\/strong><br \/>Die verantwortliche Stelle im Sinne der Datenschutzgesetze, insbesondere der EU-Datenschutzgrundverordnung (DSGVO), ist:<br \/>Christian Glomm<br \/>Klein Schwechtener Str. 2<br \/>39596 Goldbeck<\/p>\n<p>Falls Sie Fragen zum Datenschutz haben, k\u00f6nnen Sie sich gerne an uns wenden:<br \/><strong>E-Mail<\/strong>: Datenschutz@altmarkit.de<\/p>\n<p><strong>Ihre Rechte als betroffene Person<\/strong><br \/>Unter den angegebenen Kontaktdaten k\u00f6nnen Sie jederzeit die folgenden Rechte aus\u00fcben:<\/p>\n<ul>\n<li>\n<p><strong>Auskunft<\/strong> \u00fcber Ihre gespeicherten Daten und deren Verarbeitung<\/p>\n<\/li>\n<li>\n<p><strong>Berichtigung<\/strong> unrichtiger personenbezogener Daten<\/p>\n<\/li>\n<li>\n<p><strong>L\u00f6schung<\/strong> Ihrer gespeicherten Daten<\/p>\n<\/li>\n<li>\n<p><strong>Einschr\u00e4nkung<\/strong> der Verarbeitung Ihrer Daten, falls gesetzliche Aufbewahrungspflichten bestehen<\/p>\n<\/li>\n<li>\n<p><strong>Widerspruch<\/strong> gegen die Verarbeitung Ihrer Daten<\/p>\n<\/li>\n<li>\n<p><strong>Daten\u00fcbertragbarkeit<\/strong> (sofern Sie in die Verarbeitung eingewilligt haben oder ein Vertrag besteht)<\/p>\n<\/li>\n<\/ul>\n<p>Falls Sie uns eine Einwilligung erteilt haben, k\u00f6nnen Sie diese jederzeit widerrufen.<\/p>\n<p><strong>Beschwerderecht bei der Aufsichtsbeh\u00f6rde<\/strong><br \/>Falls Sie mit der Verarbeitung Ihrer Daten nicht einverstanden sind, k\u00f6nnen Sie sich an die zust\u00e4ndige Aufsichtsbeh\u00f6rde wenden. Ihre zust\u00e4ndige Aufsichtsbeh\u00f6rde richtet sich nach Ihrem Wohnsitz oder Arbeitsort. Eine Liste der Aufsichtsbeh\u00f6rden finden Sie auf den offiziellen Webseiten.<\/p>\n<p><strong>Zwecke der Datenverarbeitung<\/strong><br \/>Wir verarbeiten Ihre personenbezogenen Daten ausschlie\u00dflich f\u00fcr die in dieser Datenschutzerkl\u00e4rung genannten Zwecke. Eine Weitergabe Ihrer Daten an Dritte erfolgt nur, wenn:<\/p>\n<ul>\n<li>\n<p>Sie Ihre ausdr\u00fcckliche Einwilligung dazu gegeben haben<\/p>\n<\/li>\n<li>\n<p>es zur Abwicklung eines Vertrags notwendig ist<\/p>\n<\/li>\n<li>\n<p>eine rechtliche Verpflichtung besteht<\/p>\n<\/li>\n<li>\n<p>wir berechtigte Interessen haben und keine \u00fcberwiegenden schutzw\u00fcrdigen Interessen Ihrerseits entgegenstehen<\/p>\n<\/li>\n<\/ul>\n<p><strong>Datenl\u00f6schung und -sperrung<\/strong><br \/>Wir speichern Ihre personenbezogenen Daten nur so lange, wie es f\u00fcr die jeweiligen Zwecke erforderlich ist oder wie es gesetzliche Aufbewahrungsfristen vorschreiben. Nach Ablauf dieser Fristen werden die Daten gel\u00f6scht oder gesperrt.<\/p>\n<p><strong>Erfassung allgemeiner Informationen beim Website-Besuch<\/strong><br \/>Beim Besuch unserer Website werden automatisch Informationen in sogenannten <strong>Server-Logfiles<\/strong> erfasst, wie:<\/p>\n<ul>\n<li>\n<p>Browsertyp und -version<\/p>\n<\/li>\n<li>\n<p>Betriebssystem<\/p>\n<\/li>\n<li>\n<p>Domainname des Internetanbieters<\/p>\n<\/li>\n<li>\n<p>IP-Adresse und \u00e4hnliche Daten<\/p>\n<\/li>\n<\/ul>\n<p>Diese Daten werden zu folgenden Zwecken verarbeitet:<\/p>\n<ul>\n<li>\n<p>Sicherstellung der Verbindung zur Website<\/p>\n<\/li>\n<li>\n<p>Gew\u00e4hrleistung einer reibungslosen Nutzung<\/p>\n<\/li>\n<li>\n<p>Verbesserung der Systemsicherheit und -stabilit\u00e4t<\/p>\n<\/li>\n<\/ul>\n<p>Diese Informationen sind anonym und erlauben keine R\u00fcckschl\u00fcsse auf Ihre Person. Wir verwenden sie ausschlie\u00dflich zur Verbesserung unseres Angebots.<\/p>\n<p><strong>Cookies<\/strong><br \/>Unsere Website verwendet <strong>Cookies<\/strong>, kleine Textdateien, die auf Ihrem Ger\u00e4t gespeichert werden. Cookies helfen uns, die Nutzung der Website zu erleichtern und sicherzustellen, dass unsere Seiten korrekt angezeigt werden.<\/p>\n<p>Sie k\u00f6nnen Cookies in den Einstellungen Ihres Browsers deaktivieren. Beachten Sie jedoch, dass dies die Funktionalit\u00e4t unserer Website beeintr\u00e4chtigen kann.<\/p>\n<p><strong>Kontaktformular<\/strong><br \/>Wenn Sie uns per E-Mail oder \u00fcber das Kontaktformular kontaktieren, werden Ihre Angaben wie Name und E-Mail-Adresse verarbeitet, um Ihre Anfrage zu beantworten. Weitere Angaben sind freiwillig. Die Daten werden nach Bearbeitung der Anfrage gel\u00f6scht.<\/p>\n<p><strong>Verwaltung und Finanzbuchhaltung<\/strong><br \/>Im Rahmen unserer Betriebsorganisation verarbeiten wir auch Daten, die f\u00fcr die Verwaltung, Finanzbuchhaltung und die Erf\u00fcllung gesetzlicher Verpflichtungen erforderlich sind. Diese Daten betreffen Kunden, Gesch\u00e4ftspartner und Website-Besucher und werden nur so lange gespeichert, wie es zur Erf\u00fcllung der jeweiligen Verpflichtungen notwendig ist.<\/p>\n<p><strong>Erbringung unserer Gesch\u00e4ftsleistungen<\/strong><br \/>Wir verarbeiten die Daten unserer Kunden, Interessenten und Partner, um vertragliche Leistungen zu erbringen oder bestehende Gesch\u00e4ftsbeziehungen zu pflegen. Dies umfasst Daten wie:<\/p>\n<ul>\n<li>\n<p><strong>Bestands- und Stammdaten<\/strong> (z.B. Name, Adresse)<\/p>\n<\/li>\n<li>\n<p><strong>Kontaktdaten<\/strong> (z.B. E-Mail-Adresse, Telefonnummer)<\/p>\n<\/li>\n<li>\n<p><strong>Vertragsdaten<\/strong> (z.B. erhaltene Leistungen, Vertragsinhalte)<\/p>\n<\/li>\n<li>\n<p><strong>Zahlungsdaten<\/strong> (z.B. Bankverbindungen)<\/p>\n<\/li>\n<\/ul>\n<p>Die Daten werden so lange gespeichert, wie sie zur Erf\u00fcllung des Vertrags oder zur Wahrung rechtlicher Interessen erforderlich sind.<\/p>\n<p><strong>Kontaktaufnahme<\/strong><br \/>Bei der Kontaktaufnahme (z.B. per E-Mail oder \u00fcber ein Formular) werden Ihre Angaben zur Bearbeitung Ihrer Anfrage gespeichert. Wir l\u00f6schen diese Daten, sobald sie nicht mehr ben\u00f6tigt werden.<\/p>\n<p><strong>E-Mail-Versand<\/strong><br \/>F\u00fcr den Versand von E-Mails verarbeiten wir Bestands-, Kontaktdaten und Kommunikationsdaten auf Grundlage unserer berechtigten Interessen.<\/p>\n<p><strong>Erhebung von Zugriffsdaten und Logfiles<\/strong><br \/>Unser Hostinganbieter erhebt beim Zugriff auf unseren Webserver sogenannte <strong>Serverlogfiles<\/strong>. Diese beinhalten Informationen wie:<\/p>\n<ul>\n<li>\n<p>Besuchte Webseiten<\/p>\n<\/li>\n<li>\n<p>Datum und Uhrzeit des Zugriffs<\/p>\n<\/li>\n<li>\n<p>\u00dcbertragene Datenmenge<\/p>\n<\/li>\n<li>\n<p>Browsertyp und Version<\/p>\n<\/li>\n<\/ul>\n<p>Diese Daten werden aus Sicherheitsgr\u00fcnden f\u00fcr maximal 7 Tage gespeichert und danach gel\u00f6scht.<\/p>\n<p><strong>\u00c4nderungen dieser Datenschutzerkl\u00e4rung<\/strong><br \/>Wir behalten uns vor, diese Datenschutzerkl\u00e4rung anzupassen, wenn sich gesetzliche Vorgaben oder unsere Leistungen \u00e4ndern. Die jeweils aktuelle Version gilt f\u00fcr Ihren n\u00e4chsten Besuch auf unserer Website.<strong><\/strong><\/p>\n<p>&nbsp;<\/p>\n<\/div>\n<p>&nbsp;<\/p>\n<p>&nbsp;<\/p>\n<\/div>\n<\/div>\n<\/div>\n<\/div>\n<p>[\/et_pb_text][\/et_pb_column][et_pb_column type=&#8220;1_2&#8243; _builder_version=&#8220;4.16&#8243; custom_padding=&#8220;|||&#8220; global_colors_info=&#8220;{}&#8220; custom_padding__hover=&#8220;|||&#8220;][et_pb_text _builder_version=&#8220;4.16&#8243; text_font=&#8220;||||||||&#8220; text_line_height=&#8220;2em&#8220; header_font=&#8220;||||||||&#8220; header_3_font=&#8220;|700||on|||||&#8220; header_3_font_size=&#8220;20px&#8220; header_3_letter_spacing=&#8220;1px&#8220; header_3_line_height=&#8220;1.7em&#8220; text_font_size_tablet=&#8220;&#8220; text_font_size_phone=&#8220;14px&#8220; text_font_size_last_edited=&#8220;on|phone&#8220; global_colors_info=&#8220;{}&#8220;]<\/p>\n<p>Schreiben Sie uns einfach an. Am besten per Mail<\/p>\n<p>&nbsp;<\/p>\n<p>Altmark.Baumpflege@posteo.de<\/p>\n<p>[\/et_pb_text][et_pb_image src=&#8220;https:\/\/altmark-baumpflege.de\/wp-content\/uploads\/2025\/01\/dji_export_1651831004616-scaled-e1701111397185.jpg&#8220; align_tablet=&#8220;center&#8220; align_phone=&#8220;center&#8220; align_last_edited=&#8220;on|desktop&#8220; _builder_version=&#8220;4.23.1&#8243; custom_margin=&#8220;||0px|&#8220; animation_style=&#8220;slide&#8220; animation_direction=&#8220;top&#8220; animation_intensity_slide=&#8220;2%&#8220; global_colors_info=&#8220;{}&#8220;][\/et_pb_image][et_pb_image src=&#8220;https:\/\/altmark-baumpflege.de\/wp-content\/uploads\/2025\/01\/gardener-01.png&#8220; align=&#8220;center&#8220; _builder_version=&#8220;4.16&#8243; use_background_color_gradient=&#8220;on&#8220; background_color_gradient_direction=&#8220;135deg&#8220; background_color_gradient_stops=&#8220;#556e00 0%|#8db700 100%&#8220; background_color_gradient_start=&#8220;#556e00&#8243; background_color_gradient_end=&#8220;#8db700&#8243; max_width=&#8220;146px&#8220; module_alignment=&#8220;right&#8220; always_center_on_mobile=&#8220;off&#8220; locked=&#8220;off&#8220; global_colors_info=&#8220;{}&#8220;][\/et_pb_image][\/et_pb_column][\/et_pb_row][\/et_pb_section][et_pb_section fb_built=&#8220;1&#8243; admin_label=&#8220;Call to Action&#8220; _builder_version=&#8220;4.16&#8243; _module_preset=&#8220;default&#8220; background_color=&#8220;#f3f7f0&#8243; background_image=&#8220;https:\/\/altmark-baumpflege.de\/wp-content\/uploads\/2025\/01\/landscape-maintenance-37.png&#8220; background_size=&#8220;contain&#8220; background_position=&#8220;bottom_center&#8220; z_index=&#8220;1&#8243; custom_padding=&#8220;||||false|false&#8220; global_colors_info=&#8220;{}&#8220;][et_pb_row column_structure=&#8220;3_5,2_5&#8243; custom_padding_last_edited=&#8220;on|phone&#8220; _builder_version=&#8220;4.16&#8243; _module_preset=&#8220;default&#8220; background_color=&#8220;#fe9638&#8243; custom_margin=&#8220;||-96px||false|false&#8220; custom_padding=&#8220;40px|40px|40px|40px|true|true&#8220; custom_padding_tablet=&#8220;|30px||30px|true|true&#8220; custom_padding_phone=&#8220;20px|20px|20px|20px|true|true&#8220; global_colors_info=&#8220;{}&#8220;][et_pb_column type=&#8220;3_5&#8243; _builder_version=&#8220;4.16&#8243; _module_preset=&#8220;default&#8220; global_colors_info=&#8220;{}&#8220;][et_pb_text _builder_version=&#8220;4.20.2&#8243; _module_preset=&#8220;c3c1179e-80e4-4396-b700-51b845e1c46f&#8220; text_font_size=&#8220;12px&#8220; header_font_size=&#8220;29px&#8220; header_2_font=&#8220;Tajawal|700|||||||&#8220; header_2_text_color=&#8220;gcid-87ce0c3f-2a7b-40dd-8a42-4148be75d651&#8243; header_2_font_size=&#8220;48px&#8220; header_2_font_size_tablet=&#8220;32px&#8220; global_colors_info=&#8220;{%22gcid-87ce0c3f-2a7b-40dd-8a42-4148be75d651%22:%91%93,%22gcid-87cad038-7afd-4dda-acb0-0a24d4ccd112%22:%91%93,%22gcid-431bd12a-5227-4536-9132-2528c0596703%22:%91%93}&#8220;]<\/p>\n<div class=\"et_pb_column et_pb_column_3_5 et_pb_column_3  et_pb_css_mix_blend_mode_passthrough\">\n<div class=\"et_pb_module et_pb_text et_pb_text_1  et_pb_text_align_left et_pb_bg_layout_light\">\n<div class=\"et_pb_text_inner\">\n<h2>Fragen Sie ein kostenloses, unverbindliches Angebot an.<\/h2>\n<\/div>\n<\/div>\n<\/div>\n<p>[\/et_pb_text][\/et_pb_column][et_pb_column type=&#8220;2_5&#8243; _builder_version=&#8220;4.16&#8243; _module_preset=&#8220;default&#8220; custom_padding=&#8220;30px||||false|false&#8220; custom_padding_tablet=&#8220;0px||||false|false&#8220; custom_padding_phone=&#8220;&#8220; custom_padding_last_edited=&#8220;on|desktop&#8220; global_colors_info=&#8220;{}&#8220;][et_pb_button button_url=&#8220;mailto:altmark.baumpflege@posteo.de&#8220; button_text=&#8220;Anfrage senden&#8220; button_alignment=&#8220;right&#8220; button_alignment_tablet=&#8220;left&#8220; button_alignment_phone=&#8220;&#8220; button_alignment_last_edited=&#8220;on|phone&#8220; _builder_version=&#8220;4.20.2&#8243; _module_preset=&#8220;224f667b-3d04-4887-a283-1a6f5765318f&#8220; button_text_size=&#8220;12px&#8220; button_bg_color=&#8220;#244435&#8243; button_border_width=&#8220;0px&#8220; button_border_radius=&#8220;0px&#8220; button_letter_spacing=&#8220;3px&#8220; button_font=&#8220;Tajawal|700||on|||||&#8220; custom_padding=&#8220;15px|30px|15px|30px|true|true&#8220; box_shadow_style=&#8220;preset3&#8243; box_shadow_vertical=&#8220;33px&#8220; box_shadow_blur=&#8220;40px&#8220; box_shadow_spread=&#8220;-10px&#8220; box_shadow_color=&#8220;rgba(0,0,0,0.2)&#8220; global_colors_info=&#8220;{}&#8220;][\/et_pb_button][\/et_pb_column][\/et_pb_row][\/et_pb_section][et_pb_section fb_built=&#8220;1&#8243; admin_label=&#8220;Footer&#8220; _builder_version=&#8220;4.16&#8243; _module_preset=&#8220;default&#8220; background_color=&#8220;#f3f7f0&#8243; use_background_color_gradient=&#8220;on&#8220; background_color_gradient_stops=&#8220;#244435 0%|rgba(36,68,53,0.44) 100%&#8220; background_color_gradient_overlays_image=&#8220;on&#8220; background_color_gradient_start=&#8220;#244435&#8243; background_color_gradient_end=&#8220;rgba(36,68,53,0.44)&#8220; background_image=&#8220;https:\/\/altmark-baumpflege.de\/wp-content\/uploads\/2025\/01\/landscape-maintenance-38.jpg&#8220; background_repeat=&#8220;repeat&#8220; custom_margin=&#8220;||||false|false&#8220; saved_tabs=&#8220;all&#8220; global_colors_info=&#8220;{}&#8220;][et_pb_row column_structure=&#8220;1_3,2_3&#8243; _builder_version=&#8220;4.16&#8243; _module_preset=&#8220;default&#8220; custom_padding=&#8220;5vw||||false|false&#8220; global_colors_info=&#8220;{}&#8220;][et_pb_column type=&#8220;1_3&#8243; _builder_version=&#8220;4.16&#8243; _module_preset=&#8220;default&#8220; global_colors_info=&#8220;{}&#8220;][et_pb_text _builder_version=&#8220;4.20.2&#8243; _module_preset=&#8220;9471635f-4d55-44f4-9c8c-d8b240ab9aca&#8220; header_font=&#8220;||||||||&#8220; header_3_font=&#8220;Tajawal|700||on|||||&#8220; header_3_text_color=&#8220;#FFFFFF&#8220; header_3_font_size=&#8220;30px&#8220; background_image=&#8220;https:\/\/altmark-baumpflege.de\/wp-content\/uploads\/2025\/01\/Line-1.png&#8220; background_size=&#8220;initial&#8220; background_position=&#8220;top_left&#8220; custom_padding=&#8220;|||60px|false|false&#8220; header_3_font_size_tablet=&#8220;24px&#8220; global_colors_info=&#8220;{}&#8220; custom_padding__hover_enabled=&#8220;on|hover&#8220; custom_padding__hover=&#8220;|||64px|false|false&#8220;]<\/p>\n<h3>Baumpflege<\/h3>\n<p>[\/et_pb_text][et_pb_text _builder_version=&#8220;4.20.2&#8243; _module_preset=&#8220;9471635f-4d55-44f4-9c8c-d8b240ab9aca&#8220; header_font=&#8220;||||||||&#8220; header_3_font=&#8220;Tajawal|700||on|||||&#8220; header_3_text_color=&#8220;#FFFFFF&#8220; header_3_font_size=&#8220;30px&#8220; background_image=&#8220;https:\/\/altmark-baumpflege.de\/wp-content\/uploads\/2025\/01\/Line-1.png&#8220; background_size=&#8220;initial&#8220; background_position=&#8220;top_left&#8220; custom_padding=&#8220;|||60px|false|false&#8220; header_3_font_size_tablet=&#8220;24px&#8220; global_colors_info=&#8220;{}&#8220; custom_padding__hover=&#8220;|||64px|false|false&#8220; custom_padding__hover_enabled=&#8220;on|desktop&#8220;]<\/p>\n<h3>Gutachten<\/h3>\n<p>[\/et_pb_text][et_pb_text _builder_version=&#8220;4.20.2&#8243; _module_preset=&#8220;9471635f-4d55-44f4-9c8c-d8b240ab9aca&#8220; header_font=&#8220;||||||||&#8220; header_3_font=&#8220;Tajawal|700||on|||||&#8220; header_3_text_color=&#8220;#FFFFFF&#8220; header_3_font_size=&#8220;30px&#8220; background_image=&#8220;https:\/\/altmark-baumpflege.de\/wp-content\/uploads\/2025\/01\/Line-1.png&#8220; background_size=&#8220;initial&#8220; background_position=&#8220;top_left&#8220; custom_padding=&#8220;|||60px|false|false&#8220; header_3_font_size_tablet=&#8220;24px&#8220; global_colors_info=&#8220;{}&#8220; custom_padding__hover=&#8220;|||64px|false|false&#8220; custom_padding__hover_enabled=&#8220;on|hover&#8220;]<\/p>\n<h3>Ausbildung<\/h3>\n<p>[\/et_pb_text][et_pb_button button_text=&#8220;alle Dienstleistungen&#8220; _builder_version=&#8220;4.20.2&#8243; _module_preset=&#8220;a8b2ad40-45d8-43e3-8f9a-d0920bb075e9&#8243; button_text_size=&#8220;12px&#8220; button_bg_color=&#8220;#fe9638&#8243; button_border_width=&#8220;0px&#8220; button_border_radius=&#8220;0px&#8220; button_letter_spacing=&#8220;3px&#8220; button_font=&#8220;Tajawal|700||on|||||&#8220; custom_padding=&#8220;15px|30px|15px|30px|true|true&#8220; box_shadow_style=&#8220;preset3&#8243; box_shadow_vertical=&#8220;33px&#8220; box_shadow_blur=&#8220;40px&#8220; box_shadow_spread=&#8220;-10px&#8220; box_shadow_color=&#8220;rgba(0,0,0,0.2)&#8220; locked=&#8220;off&#8220; global_colors_info=&#8220;{}&#8220;][\/et_pb_button][\/et_pb_column][et_pb_column type=&#8220;2_3&#8243; _builder_version=&#8220;4.16&#8243; _module_preset=&#8220;default&#8220; global_colors_info=&#8220;{}&#8220;][et_pb_text _builder_version=&#8220;4.20.2&#8243; _module_preset=&#8220;bc3df28d-7a1e-4346-9b94-aa11c48ce922&#8243; header_4_font=&#8220;Tajawal|700||on|||||&#8220; header_4_text_color=&#8220;#FFFFFF&#8220; header_4_font_size=&#8220;14px&#8220; header_4_letter_spacing=&#8220;2px&#8220; header_4_line_height=&#8220;1.5em&#8220; custom_margin=&#8220;||0px||false|false&#8220; header_4_font_size_tablet=&#8220;13px&#8220; header_4_font_size_phone=&#8220;12px&#8220; header_4_font_size_last_edited=&#8220;on|phone&#8220; global_colors_info=&#8220;{}&#8220;]<\/p>\n<div class=\"et_pb_module et_pb_text et_pb_text_5  et_pb_text_align_left et_pb_bg_layout_light\">\n<div class=\"et_pb_text_inner\">\n<h4>Anruf oder Whatsapp<\/h4>\n<\/div>\n<\/div>\n<p>[\/et_pb_text][et_pb_text _builder_version=&#8220;4.20.2&#8243; _module_preset=&#8220;default&#8220; text_font=&#8220;Tajawal|700|||||||&#8220; text_text_color=&#8220;#FFFFFF&#8220; text_font_size=&#8220;70px&#8220; text_line_height=&#8220;1.2em&#8220; link_text_color=&#8220;#FE9638&#8243; header_3_text_color=&#8220;#FFFFFF&#8220; text_font_size_tablet=&#8220;50px&#8220; text_font_size_phone=&#8220;30px&#8220; text_font_size_last_edited=&#8220;on|phone&#8220; header_font_size_tablet=&#8220;55px&#8220; locked=&#8220;off&#8220; global_colors_info=&#8220;{%22gcid-87cad038-7afd-4dda-acb0-0a24d4ccd112%22:%91%93,%22gcid-431bd12a-5227-4536-9132-2528c0596703%22:%91%93,%22gcid-87ce0c3f-2a7b-40dd-8a42-4148be75d651%22:%91%93}&#8220; link_font_size__hover_enabled=&#8220;on|desktop&#8220;]<a href=\"tel:017639028390\">0176-390 28 390<\/a>[\/et_pb_text][\/et_pb_column][\/et_pb_row][\/et_pb_section]<\/p>\n","protected":false},"excerpt":{"rendered":"<p>Impressum &nbsp; Dieser Webauftritt wird bereitgestellt von: Christian Glomm Verantwortlicher im Sinne des Presserechts: Christian Glomm Telefon: 0176-39028390 Postadresse Christian GlommKlein Schwechtener Str. 239596 Goldbeck Digitale Kontaktaufnahme E-Mail: altmark.baumpflege@posteo.de Ladungsf\u00e4hige Anschrift Christian GlommKlein Schwechtener Str. 239596 Goldbeck Haftung f\u00fcr Inhalte Alle bereitgestellten Informationen sind nach bestem Wissen und Gewissen erarbeitet und \u00fcberpr\u00fcft. Es wird keine [&hellip;]<\/p>\n","protected":false},"author":1,"featured_media":0,"parent":0,"menu_order":0,"comment_status":"closed","ping_status":"closed","template":"","meta":{"_et_pb_use_builder":"on","_et_pb_old_content":"","_et_gb_content_width":"","footnotes":""},"class_list":["post-185","page","type-page","status-publish","hentry"],"_links":{"self":[{"href":"https:\/\/altmark-baumpflege.de\/index.php?rest_route=\/wp\/v2\/pages\/185","targetHints":{"allow":["GET"]}}],"collection":[{"href":"https:\/\/altmark-baumpflege.de\/index.php?rest_route=\/wp\/v2\/pages"}],"about":[{"href":"https:\/\/altmark-baumpflege.de\/index.php?rest_route=\/wp\/v2\/types\/page"}],"author":[{"embeddable":true,"href":"https:\/\/altmark-baumpflege.de\/index.php?rest_route=\/wp\/v2\/users\/1"}],"replies":[{"embeddable":true,"href":"https:\/\/altmark-baumpflege.de\/index.php?rest_route=%2Fwp%2Fv2%2Fcomments&post=185"}],"version-history":[{"count":4,"href":"https:\/\/altmark-baumpflege.de\/index.php?rest_route=\/wp\/v2\/pages\/185\/revisions"}],"predecessor-version":[{"id":196,"href":"https:\/\/altmark-baumpflege.de\/index.php?rest_route=\/wp\/v2\/pages\/185\/revisions\/196"}],"wp:attachment":[{"href":"https:\/\/altmark-baumpflege.de\/index.php?rest_route=%2Fwp%2Fv2%2Fmedia&parent=185"}],"curies":[{"name":"wp","href":"https:\/\/api.w.org\/{rel}","templated":true}]}}